{"id":1288,"date":"2025-05-22T09:12:53","date_gmt":"2025-05-22T13:12:53","guid":{"rendered":"https:\/\/bolrec.com\/?page_id=1288"},"modified":"2025-05-22T16:15:39","modified_gmt":"2025-05-22T20:15:39","slug":"certificaciones","status":"publish","type":"page","link":"https:\/\/bolrec.com\/es_py\/certificaciones\/","title":{"rendered":"Certificaciones"},"content":{"rendered":"<div data-elementor-type=\"wp-page\" data-elementor-id=\"1288\" class=\"elementor elementor-1288\" data-elementor-post-type=\"page\">\n\t\t\t\t<div class=\"elementor-element elementor-element-52607f9 e-con-full e-flex e-con e-parent\" data-id=\"52607f9\" data-element_type=\"container\" data-e-type=\"container\">\n\t\t\t\t<div class=\"elementor-element elementor-element-198fc52 elementor-widget elementor-widget-template\" data-id=\"198fc52\" data-element_type=\"widget\" data-e-type=\"widget\" data-widget_type=\"template.default\">\n\t\t\t\t<div class=\"elementor-widget-container\">\n\t\t\t\t\t\t\t<div class=\"elementor-template\">\n\t\t\t\t\t<div data-elementor-type=\"section\" data-elementor-id=\"781\" class=\"elementor elementor-781\" data-elementor-post-type=\"elementor_library\">\n\t\t\t<div class=\"elementor-element elementor-element-a57e389 e-flex e-con-boxed e-con e-parent\" data-id=\"a57e389\" data-element_type=\"container\" data-e-type=\"container\" data-settings=\"{&quot;background_background&quot;:&quot;classic&quot;}\">\n\t\t\t\t\t<div class=\"e-con-inner\">\n\t\t\t\t<div class=\"elementor-element elementor-element-e58f2b5 elementor-widget elementor-widget-spacer\" data-id=\"e58f2b5\" data-element_type=\"widget\" data-e-type=\"widget\" data-widget_type=\"spacer.default\">\n\t\t\t\t<div class=\"elementor-widget-container\">\n\t\t\t\t\t\t\t<div class=\"elementor-spacer\">\n\t\t\t<div class=\"elementor-spacer-inner\"><\/div>\n\t\t<\/div>\n\t\t\t\t\t\t<\/div>\n\t\t\t\t<\/div>\n\t\t<div class=\"elementor-element elementor-element-09b3b6c e-flex e-con-boxed e-con e-child\" data-id=\"09b3b6c\" data-element_type=\"container\" data-e-type=\"container\">\n\t\t\t\t\t<div class=\"e-con-inner\">\n\t\t\t\t\t<\/div>\n\t\t\t\t<\/div>\n\t\t\t\t<div class=\"elementor-element elementor-element-8304cc6 elementor-widget elementor-widget-spacer\" data-id=\"8304cc6\" data-element_type=\"widget\" data-e-type=\"widget\" data-widget_type=\"spacer.default\">\n\t\t\t\t<div class=\"elementor-widget-container\">\n\t\t\t\t\t\t\t<div class=\"elementor-spacer\">\n\t\t\t<div class=\"elementor-spacer-inner\"><\/div>\n\t\t<\/div>\n\t\t\t\t\t\t<\/div>\n\t\t\t\t<\/div>\n\t\t\t\t\t<\/div>\n\t\t\t\t<\/div>\n\t\t\t\t<\/div>\n\t\t\t\t<\/div>\n\t\t\t\t\t\t<\/div>\n\t\t\t\t<\/div>\n\t\t\t\t<\/div>\n\t\t<div class=\"elementor-element elementor-element-f9a1df9 e-flex e-con-boxed e-con e-parent\" data-id=\"f9a1df9\" data-element_type=\"container\" data-e-type=\"container\">\n\t\t\t\t\t<div class=\"e-con-inner\">\n\t\t\t\t<div class=\"elementor-element elementor-element-c30bd59 elementor-widget elementor-widget-spacer\" data-id=\"c30bd59\" data-element_type=\"widget\" data-e-type=\"widget\" data-widget_type=\"spacer.default\">\n\t\t\t\t<div class=\"elementor-widget-container\">\n\t\t\t\t\t\t\t<div class=\"elementor-spacer\">\n\t\t\t<div class=\"elementor-spacer-inner\"><\/div>\n\t\t<\/div>\n\t\t\t\t\t\t<\/div>\n\t\t\t\t<\/div>\n\t\t\t\t<div class=\"elementor-element elementor-element-1a3aa61 elementor-widget elementor-widget-text-editor\" data-id=\"1a3aa61\" data-element_type=\"widget\" data-e-type=\"widget\" data-no-translation=\"\" data-widget_type=\"text-editor.default\">\n\t\t\t\t<div class=\"elementor-widget-container\">\n\t\t\t\t\t<style>.elementor-element-1a3aa61{display:none !important}<\/style>\t\t\t\t<\/div>\n\t\t\t\t<\/div>\n\t\t\t\t<div class=\"elementor-element elementor-element-53a1b29 elementor-widget elementor-widget-text-editor\" data-id=\"53a1b29\" data-element_type=\"widget\" data-e-type=\"widget\" data-no-translation=\"\" data-widget_type=\"text-editor.default\">\n\t\t\t\t<div class=\"elementor-widget-container\">\n\t\t\t\t\t\t\t\t\t<p data-start=\"213\" data-end=\"397\">En <strong data-start=\"216\" data-end=\"233\">BOLREC S.R.L.<\/strong>, estamos comprometidos con la mejora continua de nuestros procesos, la calidad de nuestros servicios y la satisfacci\u00f3n de nuestros clientes y aliados estrat\u00e9gicos.<\/p><p data-start=\"399\" data-end=\"645\">Actualmente, nos encontramos trabajando activamente para <strong data-start=\"456\" data-end=\"493\">obtener la certificaci\u00f3n R2 V3<\/strong>, un est\u00e1ndar internacional que garantiza la implementaci\u00f3n de un sistema de gesti\u00f3n de calidad s\u00f3lido, eficiente y enfocado en la excelencia operativa.<\/p><p data-start=\"647\" data-end=\"845\">Esta certificaci\u00f3n representa un paso m\u00e1s en nuestro compromiso con la transparencia, la responsabilidad y la mejora constante en la gesti\u00f3n de residuos electr\u00f3nicos y otros servicios que brindamos.<\/p><p data-start=\"847\" data-end=\"914\"><strong data-start=\"847\" data-end=\"914\">Pr\u00f3ximamente, les compartiremos m\u00e1s avances sobre este proceso.<\/strong><\/p>\t\t\t\t\t\t\t\t<\/div>\n\t\t\t\t<\/div>\n\t\t\t\t<div class=\"elementor-element elementor-element-fd53abf elementor-widget elementor-widget-spacer\" data-id=\"fd53abf\" data-element_type=\"widget\" data-e-type=\"widget\" data-widget_type=\"spacer.default\">\n\t\t\t\t<div class=\"elementor-widget-container\">\n\t\t\t\t\t\t\t<div class=\"elementor-spacer\">\n\t\t\t<div class=\"elementor-spacer-inner\"><\/div>\n\t\t<\/div>\n\t\t\t\t\t\t<\/div>\n\t\t\t\t<\/div>\n\t\t\t\t\t<\/div>\n\t\t\t\t<\/div>\n\t\t\t\t<\/div>","protected":false},"excerpt":{"rendered":"<p>En BOLREC S.R.L., estamos comprometidos con la mejora continua de nuestros procesos, la calidad de nuestros servicios y la satisfacci\u00f3n de nuestros clientes y aliados estrat\u00e9gicos. Actualmente, nos encontramos trabajando activamente para obtener la certificaci\u00f3n R2 V3, un est\u00e1ndar internacional que garantiza la implementaci\u00f3n de un sistema de gesti\u00f3n de calidad s\u00f3lido, eficiente y enfocado [&hellip;]<\/p>\n","protected":false},"author":1,"featured_media":0,"parent":0,"menu_order":0,"comment_status":"closed","ping_status":"closed","template":"","meta":{"footnotes":""},"class_list":["post-1288","page","type-page","status-publish","hentry"],"yoast_head":"<!-- This site is optimized with the Yoast SEO plugin v27.4 - https:\/\/yoast.com\/product\/yoast-seo-wordpress\/ -->\n<title>Certificaciones - BOLREC<\/title>\n<meta name=\"robots\" content=\"index, follow, max-snippet:-1, max-image-preview:large, max-video-preview:-1\" \/>\n<link rel=\"canonical\" href=\"https:\/\/bolrec.com\/es_py\/certificaciones\/\" \/>\n<meta property=\"og:locale\" content=\"es_ES\" \/>\n<meta property=\"og:type\" content=\"article\" \/>\n<meta property=\"og:title\" content=\"Certificaciones - BOLREC\" \/>\n<meta property=\"og:description\" content=\"En BOLREC S.R.L., estamos comprometidos con la mejora continua de nuestros procesos, la calidad de nuestros servicios y la satisfacci\u00f3n de nuestros clientes y aliados estrat\u00e9gicos. Actualmente, nos encontramos trabajando activamente para obtener la certificaci\u00f3n R2 V3, un est\u00e1ndar internacional que garantiza la implementaci\u00f3n de un sistema de gesti\u00f3n de calidad s\u00f3lido, eficiente y enfocado [&hellip;]\" \/>\n<meta property=\"og:url\" content=\"https:\/\/bolrec.com\/es_py\/certificaciones\/\" \/>\n<meta property=\"og:site_name\" content=\"BOLREC\" \/>\n<meta property=\"article:publisher\" content=\"https:\/\/www.facebook.com\/bolrecsrl\/\" \/>\n<meta property=\"article:modified_time\" content=\"2025-05-22T20:15:39+00:00\" \/>\n<meta name=\"twitter:card\" content=\"summary_large_image\" \/>\n<meta name=\"twitter:site\" content=\"@bolrec_srl\" \/>\n<meta name=\"twitter:label1\" content=\"Est. reading time\" \/>\n\t<meta name=\"twitter:data1\" content=\"1 minute\" \/>\n<script type=\"application\/ld+json\" class=\"yoast-schema-graph\">{\"@context\":\"https:\\\/\\\/schema.org\",\"@graph\":[{\"@type\":\"WebPage\",\"@id\":\"https:\\\/\\\/bolrec.com\\\/certificaciones\\\/\",\"url\":\"https:\\\/\\\/bolrec.com\\\/certificaciones\\\/\",\"name\":\"Certificaciones - BOLREC\",\"isPartOf\":{\"@id\":\"https:\\\/\\\/bolrec.com\\\/#website\"},\"datePublished\":\"2025-05-22T13:12:53+00:00\",\"dateModified\":\"2025-05-22T20:15:39+00:00\",\"breadcrumb\":{\"@id\":\"https:\\\/\\\/bolrec.com\\\/certificaciones\\\/#breadcrumb\"},\"inLanguage\":\"es-PY\",\"potentialAction\":[{\"@type\":\"ReadAction\",\"target\":[\"https:\\\/\\\/bolrec.com\\\/certificaciones\\\/\"]}]},{\"@type\":\"BreadcrumbList\",\"@id\":\"https:\\\/\\\/bolrec.com\\\/certificaciones\\\/#breadcrumb\",\"itemListElement\":[{\"@type\":\"ListItem\",\"position\":1,\"name\":\"Portada\",\"item\":\"https:\\\/\\\/bolrec.com\\\/\"},{\"@type\":\"ListItem\",\"position\":2,\"name\":\"Certificaciones\"}]},{\"@type\":\"WebSite\",\"@id\":\"https:\\\/\\\/bolrec.com\\\/#website\",\"url\":\"https:\\\/\\\/bolrec.com\\\/\",\"name\":\"BOLREC\",\"description\":\"Empresa Boliviana de Reciclaje Electr\u00f3nico\",\"publisher\":{\"@id\":\"https:\\\/\\\/bolrec.com\\\/#organization\"},\"potentialAction\":[{\"@type\":\"SearchAction\",\"target\":{\"@type\":\"EntryPoint\",\"urlTemplate\":\"https:\\\/\\\/bolrec.com\\\/?s={search_term_string}\"},\"query-input\":{\"@type\":\"PropertyValueSpecification\",\"valueRequired\":true,\"valueName\":\"search_term_string\"}}],\"inLanguage\":\"es-PY\"},{\"@type\":\"Organization\",\"@id\":\"https:\\\/\\\/bolrec.com\\\/#organization\",\"name\":\"BOLREC\",\"url\":\"https:\\\/\\\/bolrec.com\\\/\",\"logo\":{\"@type\":\"ImageObject\",\"inLanguage\":\"es-PY\",\"@id\":\"https:\\\/\\\/bolrec.com\\\/#\\\/schema\\\/logo\\\/image\\\/\",\"url\":\"https:\\\/\\\/bolrec.com\\\/wp-content\\\/uploads\\\/2024\\\/01\\\/logo-bolrec.svg\",\"contentUrl\":\"https:\\\/\\\/bolrec.com\\\/wp-content\\\/uploads\\\/2024\\\/01\\\/logo-bolrec.svg\",\"width\":540,\"height\":123,\"caption\":\"BOLREC\"},\"image\":{\"@id\":\"https:\\\/\\\/bolrec.com\\\/#\\\/schema\\\/logo\\\/image\\\/\"},\"sameAs\":[\"https:\\\/\\\/www.facebook.com\\\/bolrecsrl\\\/\",\"https:\\\/\\\/x.com\\\/bolrec_srl\",\"https:\\\/\\\/www.youtube.com\\\/channel\\\/UCmXqPTIdqk6rZXY_dvov5yg\\\/featured\"]}]}<\/script>\n<!-- \/ Yoast SEO plugin. -->","yoast_head_json":{"title":"Certificaciones - BOLREC","robots":{"index":"index","follow":"follow","max-snippet":"max-snippet:-1","max-image-preview":"max-image-preview:large","max-video-preview":"max-video-preview:-1"},"canonical":"https:\/\/bolrec.com\/es_py\/certificaciones\/","og_locale":"es_ES","og_type":"article","og_title":"Certificaciones - BOLREC","og_description":"En BOLREC S.R.L., estamos comprometidos con la mejora continua de nuestros procesos, la calidad de nuestros servicios y la satisfacci\u00f3n de nuestros clientes y aliados estrat\u00e9gicos. Actualmente, nos encontramos trabajando activamente para obtener la certificaci\u00f3n R2 V3, un est\u00e1ndar internacional que garantiza la implementaci\u00f3n de un sistema de gesti\u00f3n de calidad s\u00f3lido, eficiente y enfocado [&hellip;]","og_url":"https:\/\/bolrec.com\/es_py\/certificaciones\/","og_site_name":"BOLREC","article_publisher":"https:\/\/www.facebook.com\/bolrecsrl\/","article_modified_time":"2025-05-22T20:15:39+00:00","twitter_card":"summary_large_image","twitter_site":"@bolrec_srl","twitter_misc":{"Est. reading time":"1 minute"},"schema":{"@context":"https:\/\/schema.org","@graph":[{"@type":"WebPage","@id":"https:\/\/bolrec.com\/certificaciones\/","url":"https:\/\/bolrec.com\/certificaciones\/","name":"Certificaciones - BOLREC","isPartOf":{"@id":"https:\/\/bolrec.com\/#website"},"datePublished":"2025-05-22T13:12:53+00:00","dateModified":"2025-05-22T20:15:39+00:00","breadcrumb":{"@id":"https:\/\/bolrec.com\/certificaciones\/#breadcrumb"},"inLanguage":"es-PY","potentialAction":[{"@type":"ReadAction","target":["https:\/\/bolrec.com\/certificaciones\/"]}]},{"@type":"BreadcrumbList","@id":"https:\/\/bolrec.com\/certificaciones\/#breadcrumb","itemListElement":[{"@type":"ListItem","position":1,"name":"Portada","item":"https:\/\/bolrec.com\/"},{"@type":"ListItem","position":2,"name":"Certificaciones"}]},{"@type":"WebSite","@id":"https:\/\/bolrec.com\/#website","url":"https:\/\/bolrec.com\/","name":"BOLREC","description":"Empresa Boliviana de Reciclaje Electr\u00f3nico","publisher":{"@id":"https:\/\/bolrec.com\/#organization"},"potentialAction":[{"@type":"SearchAction","target":{"@type":"EntryPoint","urlTemplate":"https:\/\/bolrec.com\/?s={search_term_string}"},"query-input":{"@type":"PropertyValueSpecification","valueRequired":true,"valueName":"search_term_string"}}],"inLanguage":"es-PY"},{"@type":"Organization","@id":"https:\/\/bolrec.com\/#organization","name":"BOLREC","url":"https:\/\/bolrec.com\/","logo":{"@type":"ImageObject","inLanguage":"es-PY","@id":"https:\/\/bolrec.com\/#\/schema\/logo\/image\/","url":"https:\/\/bolrec.com\/wp-content\/uploads\/2024\/01\/logo-bolrec.svg","contentUrl":"https:\/\/bolrec.com\/wp-content\/uploads\/2024\/01\/logo-bolrec.svg","width":540,"height":123,"caption":"BOLREC"},"image":{"@id":"https:\/\/bolrec.com\/#\/schema\/logo\/image\/"},"sameAs":["https:\/\/www.facebook.com\/bolrecsrl\/","https:\/\/x.com\/bolrec_srl","https:\/\/www.youtube.com\/channel\/UCmXqPTIdqk6rZXY_dvov5yg\/featured"]}]}},"_links":{"self":[{"href":"https:\/\/bolrec.com\/es_py\/wp-json\/wp\/v2\/pages\/1288","targetHints":{"allow":["GET"]}}],"collection":[{"href":"https:\/\/bolrec.com\/es_py\/wp-json\/wp\/v2\/pages"}],"about":[{"href":"https:\/\/bolrec.com\/es_py\/wp-json\/wp\/v2\/types\/page"}],"author":[{"embeddable":true,"href":"https:\/\/bolrec.com\/es_py\/wp-json\/wp\/v2\/users\/1"}],"replies":[{"embeddable":true,"href":"https:\/\/bolrec.com\/es_py\/wp-json\/wp\/v2\/comments?post=1288"}],"version-history":[{"count":28,"href":"https:\/\/bolrec.com\/es_py\/wp-json\/wp\/v2\/pages\/1288\/revisions"}],"predecessor-version":[{"id":1343,"href":"https:\/\/bolrec.com\/es_py\/wp-json\/wp\/v2\/pages\/1288\/revisions\/1343"}],"wp:attachment":[{"href":"https:\/\/bolrec.com\/es_py\/wp-json\/wp\/v2\/media?parent=1288"}],"curies":[{"name":"wp","href":"https:\/\/api.w.org\/{rel}","templated":true}]}}