{"id":43,"date":"2024-01-04T18:05:01","date_gmt":"2024-01-04T18:05:01","guid":{"rendered":"https:\/\/bolrec.com\/?page_id=43"},"modified":"2024-07-11T11:15:14","modified_gmt":"2024-07-11T15:15:14","slug":"contacto","status":"publish","type":"page","link":"https:\/\/bolrec.com\/es_py\/contacto\/","title":{"rendered":"Contacto"},"content":{"rendered":"<div data-elementor-type=\"wp-page\" data-elementor-id=\"43\" class=\"elementor elementor-43\" data-elementor-post-type=\"page\">\n\t\t\t\t<div class=\"elementor-element elementor-element-d0d94a0 e-con-full e-flex e-con e-parent\" data-id=\"d0d94a0\" data-element_type=\"container\" data-e-type=\"container\">\n\t\t\t\t<div class=\"elementor-element elementor-element-be9ba43 elementor-widget elementor-widget-template\" data-id=\"be9ba43\" data-element_type=\"widget\" data-e-type=\"widget\" data-widget_type=\"template.default\">\n\t\t\t\t<div class=\"elementor-widget-container\">\n\t\t\t\t\t\t\t<div class=\"elementor-template\">\n\t\t\t\t\t<div data-elementor-type=\"section\" data-elementor-id=\"781\" class=\"elementor elementor-781\" data-elementor-post-type=\"elementor_library\">\n\t\t\t<div class=\"elementor-element elementor-element-a57e389 e-flex e-con-boxed e-con e-parent\" data-id=\"a57e389\" data-element_type=\"container\" data-e-type=\"container\" data-settings=\"{&quot;background_background&quot;:&quot;classic&quot;}\">\n\t\t\t\t\t<div class=\"e-con-inner\">\n\t\t\t\t<div class=\"elementor-element elementor-element-e58f2b5 elementor-widget elementor-widget-spacer\" data-id=\"e58f2b5\" data-element_type=\"widget\" data-e-type=\"widget\" data-widget_type=\"spacer.default\">\n\t\t\t\t<div class=\"elementor-widget-container\">\n\t\t\t\t\t\t\t<div class=\"elementor-spacer\">\n\t\t\t<div class=\"elementor-spacer-inner\"><\/div>\n\t\t<\/div>\n\t\t\t\t\t\t<\/div>\n\t\t\t\t<\/div>\n\t\t<div class=\"elementor-element elementor-element-09b3b6c e-flex e-con-boxed e-con e-child\" data-id=\"09b3b6c\" data-element_type=\"container\" data-e-type=\"container\">\n\t\t\t\t\t<div class=\"e-con-inner\">\n\t\t\t\t\t<\/div>\n\t\t\t\t<\/div>\n\t\t\t\t<div class=\"elementor-element elementor-element-8304cc6 elementor-widget elementor-widget-spacer\" data-id=\"8304cc6\" data-element_type=\"widget\" data-e-type=\"widget\" data-widget_type=\"spacer.default\">\n\t\t\t\t<div class=\"elementor-widget-container\">\n\t\t\t\t\t\t\t<div class=\"elementor-spacer\">\n\t\t\t<div class=\"elementor-spacer-inner\"><\/div>\n\t\t<\/div>\n\t\t\t\t\t\t<\/div>\n\t\t\t\t<\/div>\n\t\t\t\t\t<\/div>\n\t\t\t\t<\/div>\n\t\t\t\t<\/div>\n\t\t\t\t<\/div>\n\t\t\t\t\t\t<\/div>\n\t\t\t\t<\/div>\n\t\t<div class=\"elementor-element elementor-element-87a5023 e-con-full e-flex e-con e-child\" data-id=\"87a5023\" data-element_type=\"container\" data-e-type=\"container\">\n\t\t\t\t<div class=\"elementor-element elementor-element-a523680 elementor-widget elementor-widget-spacer\" data-id=\"a523680\" data-element_type=\"widget\" data-e-type=\"widget\" data-widget_type=\"spacer.default\">\n\t\t\t\t<div class=\"elementor-widget-container\">\n\t\t\t\t\t\t\t<div class=\"elementor-spacer\">\n\t\t\t<div class=\"elementor-spacer-inner\"><\/div>\n\t\t<\/div>\n\t\t\t\t\t\t<\/div>\n\t\t\t\t<\/div>\n\t\t<div class=\"elementor-element elementor-element-16c821e e-flex e-con-boxed e-con e-child\" data-id=\"16c821e\" data-element_type=\"container\" data-e-type=\"container\">\n\t\t\t\t\t<div class=\"e-con-inner\">\n\t\t<div class=\"elementor-element elementor-element-6fad91f e-flex e-con-boxed e-con e-child\" data-id=\"6fad91f\" data-element_type=\"container\" data-e-type=\"container\">\n\t\t\t\t\t<div class=\"e-con-inner\">\n\t\t\t\t<div class=\"elementor-element elementor-element-64e7eba elementor-widget elementor-widget-heading\" data-id=\"64e7eba\" data-element_type=\"widget\" data-e-type=\"widget\" data-widget_type=\"heading.default\">\n\t\t\t\t<div class=\"elementor-widget-container\">\n\t\t\t\t\t<h2 class=\"elementor-heading-title elementor-size-default\">Contactanos<\/h2>\t\t\t\t<\/div>\n\t\t\t\t<\/div>\n\t\t\t\t<div class=\"elementor-element elementor-element-ef9303e elementor-widget elementor-widget-text-editor\" data-id=\"ef9303e\" data-element_type=\"widget\" data-e-type=\"widget\" data-widget_type=\"text-editor.default\">\n\t\t\t\t<div class=\"elementor-widget-container\">\n\t\t\t\t\t\t\t\t\t<p>Para mas informaci\u00f3n vis\u00edtanos en la siguiente direcci\u00f3n:<\/p><p>Dr. Gaspar Rodr\u00edguez de Francia casi Cerro Cora<\/p><p>Villa Hayes\u00a0\u2013\u00a0Paraguay<\/p><p>Movil: <a href=\"tel:595976921310\">+595 976921310<\/a><\/p><p>Email:\u00a0 <a href=\"mailto:info@bolrec.com\">info@bolrec.com<\/a><\/p>\t\t\t\t\t\t\t\t<\/div>\n\t\t\t\t<\/div>\n\t\t\t\t\t<\/div>\n\t\t\t\t<\/div>\n\t\t<div class=\"elementor-element elementor-element-558eebf e-flex e-con-boxed e-con e-child\" data-id=\"558eebf\" data-element_type=\"container\" data-e-type=\"container\">\n\t\t\t\t\t<div class=\"e-con-inner\">\n\t\t\t\t<div class=\"elementor-element elementor-element-7f25d77 elementor-widget elementor-widget-shortcode\" data-id=\"7f25d77\" data-element_type=\"widget\" data-e-type=\"widget\" data-widget_type=\"shortcode.default\">\n\t\t\t\t<div class=\"elementor-widget-container\">\n\t\t\t\t\t\t\t<div class=\"elementor-shortcode\">\n<div class=\"wpcf7 no-js\" id=\"wpcf7-f17-o2\" lang=\"es-ES\" dir=\"ltr\" data-wpcf7-id=\"17\">\n<div class=\"screen-reader-response\"><p role=\"status\" aria-live=\"polite\" aria-atomic=\"true\"><\/p> <ul><\/ul><\/div>\n<form action=\"\/es_py\/wp-json\/wp\/v2\/pages\/43#wpcf7-f17-o2\" method=\"post\" class=\"wpcf7-form init\" aria-label=\"Contact form\" novalidate=\"novalidate\" data-status=\"init\" data-trp-original-action=\"\/es_py\/wp-json\/wp\/v2\/pages\/43#wpcf7-f17-o2\">\n<fieldset class=\"hidden-fields-container\"><input type=\"hidden\" name=\"_wpcf7\" value=\"17\" \/><input type=\"hidden\" name=\"_wpcf7_version\" value=\"6.1.5\" \/><input type=\"hidden\" name=\"_wpcf7_locale\" value=\"es_ES\" \/><input type=\"hidden\" name=\"_wpcf7_unit_tag\" value=\"wpcf7-f17-o2\" \/><input type=\"hidden\" name=\"_wpcf7_container_post\" value=\"0\" \/><input type=\"hidden\" name=\"_wpcf7_posted_data_hash\" value=\"\" \/>\n<\/fieldset>\n<p><label> Nombre<br \/>\n<span class=\"wpcf7-form-control-wrap\" data-name=\"your-name\"><input size=\"40\" maxlength=\"400\" class=\"wpcf7-form-control wpcf7-text wpcf7-validates-as-required\" autocomplete=\"name\" aria-required=\"true\" aria-invalid=\"false\" value=\"\" type=\"text\" name=\"your-name\" \/><\/span> <\/label>\n<\/p>\n<p><label> Correo electr\u00f3nico<br \/>\n<span class=\"wpcf7-form-control-wrap\" data-name=\"your-email\"><input size=\"40\" maxlength=\"400\" class=\"wpcf7-form-control wpcf7-email wpcf7-validates-as-required wpcf7-text wpcf7-validates-as-email\" autocomplete=\"email\" aria-required=\"true\" aria-invalid=\"false\" value=\"\" type=\"email\" name=\"your-email\" \/><\/span> <\/label>\n<\/p>\n<p><label> Tel\u00e9fono<br \/>\n<span class=\"wpcf7-form-control-wrap\" data-name=\"your-phone\"><input size=\"40\" maxlength=\"400\" class=\"wpcf7-form-control wpcf7-tel wpcf7-validates-as-required wpcf7-text wpcf7-validates-as-tel\" aria-required=\"true\" aria-invalid=\"false\" value=\"\" type=\"tel\" name=\"your-phone\" \/><\/span><\/label>\n<\/p>\n<p><label> Consulta<br \/>\n<span class=\"wpcf7-form-control-wrap\" data-name=\"your-message\"><textarea cols=\"40\" rows=\"10\" maxlength=\"2000\" class=\"wpcf7-form-control wpcf7-textarea wpcf7-validates-as-required\" aria-required=\"true\" aria-invalid=\"false\" name=\"your-message\"><\/textarea><\/span> <\/label>\n<\/p>\n<p><input class=\"wpcf7-form-control wpcf7-submit has-spinner\" type=\"submit\" value=\"Enviar\" \/>\n<\/p><div class=\"wpcf7-response-output\" aria-hidden=\"true\"><\/div>\n<input type=\"hidden\" name=\"trp-form-language\" value=\"es_py\"\/><\/form>\n<\/div>\n<\/div>\n\t\t\t\t\t\t<\/div>\n\t\t\t\t<\/div>\n\t\t\t\t\t<\/div>\n\t\t\t\t<\/div>\n\t\t\t\t\t<\/div>\n\t\t\t\t<\/div>\n\t\t<div class=\"elementor-element elementor-element-2db86cb e-con-full e-flex e-con e-child\" data-id=\"2db86cb\" data-element_type=\"container\" data-e-type=\"container\">\n\t\t\t\t<div class=\"elementor-element elementor-element-57d21dd elementor-widget elementor-widget-google_maps\" data-id=\"57d21dd\" data-element_type=\"widget\" data-e-type=\"widget\" data-widget_type=\"google_maps.default\">\n\t\t\t\t<div class=\"elementor-widget-container\">\n\t\t\t\t\t\t\t<div class=\"elementor-custom-embed\">\n\t\t\t<iframe loading=\"lazy\"\n\t\t\t\t\tsrc=\"https:\/\/maps.google.com\/maps?q=-25.095339962718533%2C%20-57.52081691534045&#038;t=m&#038;z=10&#038;output=embed&#038;iwloc=near\"\n\t\t\t\t\ttitle=\"-25.095339962718533, -57.52081691534045\"\n\t\t\t\t\taria-label=\"-25.095339962718533, -57.52081691534045\"\n\t\t\t><\/iframe>\n\t\t<\/div>\n\t\t\t\t\t\t<\/div>\n\t\t\t\t<\/div>\n\t\t\t\t<\/div>\n\t\t\t\t<\/div>\n\t\t\t\t<\/div>\n\t\t\t\t<\/div>","protected":false},"excerpt":{"rendered":"<p>Contactanos Para mas informaci\u00f3n vis\u00edtanos en la siguiente direcci\u00f3n: Parque Industrial Latinoamericano de Warnes (PILAT) Unidad Industrial 08- Manzano 11 &#8211; Lote 11 Santa Cruz\u00a0 Telf: (3) 3313382 Movil: +591 67709991 Email:\u00a0 info@bolrec.com Contactanos Para mas informaci\u00f3n vis\u00edtanos en la siguiente direcci\u00f3n: Dr. Gaspar Rodr\u00edguez de Francia casi Cerro Cora Villa Hayes\u00a0\u2013\u00a0Paraguay Movil: +595 976921310 [&hellip;]<\/p>\n","protected":false},"author":2,"featured_media":0,"parent":0,"menu_order":0,"comment_status":"closed","ping_status":"closed","template":"","meta":{"footnotes":""},"class_list":["post-43","page","type-page","status-publish","hentry"],"yoast_head":"<!-- This site is optimized with the Yoast SEO plugin v27.4 - https:\/\/yoast.com\/product\/yoast-seo-wordpress\/ -->\n<title>Contacto - BOLREC<\/title>\n<meta name=\"robots\" content=\"index, follow, max-snippet:-1, max-image-preview:large, max-video-preview:-1\" \/>\n<link rel=\"canonical\" href=\"https:\/\/bolrec.com\/es_py\/contacto\/\" \/>\n<meta property=\"og:locale\" content=\"es_ES\" \/>\n<meta property=\"og:type\" content=\"article\" \/>\n<meta property=\"og:title\" content=\"Contacto - BOLREC\" \/>\n<meta property=\"og:description\" content=\"Contactanos Para mas informaci\u00f3n vis\u00edtanos en la siguiente direcci\u00f3n: Parque Industrial Latinoamericano de Warnes (PILAT) Unidad Industrial 08- Manzano 11 &#8211; Lote 11 Santa Cruz\u00a0 Telf: (3) 3313382 Movil: +591 67709991 Email:\u00a0 info@bolrec.com Contactanos Para mas informaci\u00f3n vis\u00edtanos en la siguiente direcci\u00f3n: Dr. Gaspar Rodr\u00edguez de Francia casi Cerro Cora Villa Hayes\u00a0\u2013\u00a0Paraguay Movil: +595 976921310 [&hellip;]\" \/>\n<meta property=\"og:url\" content=\"https:\/\/bolrec.com\/es_py\/contacto\/\" \/>\n<meta property=\"og:site_name\" content=\"BOLREC\" \/>\n<meta property=\"article:publisher\" content=\"https:\/\/www.facebook.com\/bolrecsrl\/\" \/>\n<meta property=\"article:modified_time\" content=\"2024-07-11T15:15:14+00:00\" \/>\n<meta name=\"twitter:card\" content=\"summary_large_image\" \/>\n<meta name=\"twitter:site\" content=\"@bolrec_srl\" \/>\n<meta name=\"twitter:label1\" content=\"Est. reading time\" \/>\n\t<meta name=\"twitter:data1\" content=\"1 minute\" \/>\n<script type=\"application\/ld+json\" class=\"yoast-schema-graph\">{\"@context\":\"https:\\\/\\\/schema.org\",\"@graph\":[{\"@type\":\"WebPage\",\"@id\":\"https:\\\/\\\/bolrec.com\\\/es_py\\\/contacto\\\/\",\"url\":\"https:\\\/\\\/bolrec.com\\\/es_py\\\/contacto\\\/\",\"name\":\"Contacto - BOLREC\",\"isPartOf\":{\"@id\":\"https:\\\/\\\/bolrec.com\\\/#website\"},\"datePublished\":\"2024-01-04T18:05:01+00:00\",\"dateModified\":\"2024-07-11T15:15:14+00:00\",\"breadcrumb\":{\"@id\":\"https:\\\/\\\/bolrec.com\\\/es_py\\\/contacto\\\/#breadcrumb\"},\"inLanguage\":\"es-PY\",\"potentialAction\":[{\"@type\":\"ReadAction\",\"target\":[\"https:\\\/\\\/bolrec.com\\\/es_py\\\/contacto\\\/\"]}]},{\"@type\":\"BreadcrumbList\",\"@id\":\"https:\\\/\\\/bolrec.com\\\/es_py\\\/contacto\\\/#breadcrumb\",\"itemListElement\":[{\"@type\":\"ListItem\",\"position\":1,\"name\":\"Portada\",\"item\":\"https:\\\/\\\/bolrec.com\\\/\"},{\"@type\":\"ListItem\",\"position\":2,\"name\":\"Contacto\"}]},{\"@type\":\"WebSite\",\"@id\":\"https:\\\/\\\/bolrec.com\\\/#website\",\"url\":\"https:\\\/\\\/bolrec.com\\\/\",\"name\":\"BOLREC\",\"description\":\"Empresa Boliviana de Reciclaje Electr\u00f3nico\",\"publisher\":{\"@id\":\"https:\\\/\\\/bolrec.com\\\/#organization\"},\"potentialAction\":[{\"@type\":\"SearchAction\",\"target\":{\"@type\":\"EntryPoint\",\"urlTemplate\":\"https:\\\/\\\/bolrec.com\\\/?s={search_term_string}\"},\"query-input\":{\"@type\":\"PropertyValueSpecification\",\"valueRequired\":true,\"valueName\":\"search_term_string\"}}],\"inLanguage\":\"es-PY\"},{\"@type\":\"Organization\",\"@id\":\"https:\\\/\\\/bolrec.com\\\/#organization\",\"name\":\"BOLREC\",\"url\":\"https:\\\/\\\/bolrec.com\\\/\",\"logo\":{\"@type\":\"ImageObject\",\"inLanguage\":\"es-PY\",\"@id\":\"https:\\\/\\\/bolrec.com\\\/#\\\/schema\\\/logo\\\/image\\\/\",\"url\":\"https:\\\/\\\/bolrec.com\\\/wp-content\\\/uploads\\\/2024\\\/01\\\/logo-bolrec.svg\",\"contentUrl\":\"https:\\\/\\\/bolrec.com\\\/wp-content\\\/uploads\\\/2024\\\/01\\\/logo-bolrec.svg\",\"width\":540,\"height\":123,\"caption\":\"BOLREC\"},\"image\":{\"@id\":\"https:\\\/\\\/bolrec.com\\\/#\\\/schema\\\/logo\\\/image\\\/\"},\"sameAs\":[\"https:\\\/\\\/www.facebook.com\\\/bolrecsrl\\\/\",\"https:\\\/\\\/x.com\\\/bolrec_srl\",\"https:\\\/\\\/www.youtube.com\\\/channel\\\/UCmXqPTIdqk6rZXY_dvov5yg\\\/featured\"]}]}<\/script>\n<!-- \/ Yoast SEO plugin. -->","yoast_head_json":{"title":"Contacto - BOLREC","robots":{"index":"index","follow":"follow","max-snippet":"max-snippet:-1","max-image-preview":"max-image-preview:large","max-video-preview":"max-video-preview:-1"},"canonical":"https:\/\/bolrec.com\/es_py\/contacto\/","og_locale":"es_ES","og_type":"article","og_title":"Contacto - BOLREC","og_description":"Contactanos Para mas informaci\u00f3n vis\u00edtanos en la siguiente direcci\u00f3n: Parque Industrial Latinoamericano de Warnes (PILAT) Unidad Industrial 08- Manzano 11 &#8211; Lote 11 Santa Cruz\u00a0 Telf: (3) 3313382 Movil: +591 67709991 Email:\u00a0 info@bolrec.com Contactanos Para mas informaci\u00f3n vis\u00edtanos en la siguiente direcci\u00f3n: Dr. Gaspar Rodr\u00edguez de Francia casi Cerro Cora Villa Hayes\u00a0\u2013\u00a0Paraguay Movil: +595 976921310 [&hellip;]","og_url":"https:\/\/bolrec.com\/es_py\/contacto\/","og_site_name":"BOLREC","article_publisher":"https:\/\/www.facebook.com\/bolrecsrl\/","article_modified_time":"2024-07-11T15:15:14+00:00","twitter_card":"summary_large_image","twitter_site":"@bolrec_srl","twitter_misc":{"Est. reading time":"1 minute"},"schema":{"@context":"https:\/\/schema.org","@graph":[{"@type":"WebPage","@id":"https:\/\/bolrec.com\/es_py\/contacto\/","url":"https:\/\/bolrec.com\/es_py\/contacto\/","name":"Contacto - BOLREC","isPartOf":{"@id":"https:\/\/bolrec.com\/#website"},"datePublished":"2024-01-04T18:05:01+00:00","dateModified":"2024-07-11T15:15:14+00:00","breadcrumb":{"@id":"https:\/\/bolrec.com\/es_py\/contacto\/#breadcrumb"},"inLanguage":"es-PY","potentialAction":[{"@type":"ReadAction","target":["https:\/\/bolrec.com\/es_py\/contacto\/"]}]},{"@type":"BreadcrumbList","@id":"https:\/\/bolrec.com\/es_py\/contacto\/#breadcrumb","itemListElement":[{"@type":"ListItem","position":1,"name":"Portada","item":"https:\/\/bolrec.com\/"},{"@type":"ListItem","position":2,"name":"Contacto"}]},{"@type":"WebSite","@id":"https:\/\/bolrec.com\/#website","url":"https:\/\/bolrec.com\/","name":"BOLREC","description":"Empresa Boliviana de Reciclaje Electr\u00f3nico","publisher":{"@id":"https:\/\/bolrec.com\/#organization"},"potentialAction":[{"@type":"SearchAction","target":{"@type":"EntryPoint","urlTemplate":"https:\/\/bolrec.com\/?s={search_term_string}"},"query-input":{"@type":"PropertyValueSpecification","valueRequired":true,"valueName":"search_term_string"}}],"inLanguage":"es-PY"},{"@type":"Organization","@id":"https:\/\/bolrec.com\/#organization","name":"BOLREC","url":"https:\/\/bolrec.com\/","logo":{"@type":"ImageObject","inLanguage":"es-PY","@id":"https:\/\/bolrec.com\/#\/schema\/logo\/image\/","url":"https:\/\/bolrec.com\/wp-content\/uploads\/2024\/01\/logo-bolrec.svg","contentUrl":"https:\/\/bolrec.com\/wp-content\/uploads\/2024\/01\/logo-bolrec.svg","width":540,"height":123,"caption":"BOLREC"},"image":{"@id":"https:\/\/bolrec.com\/#\/schema\/logo\/image\/"},"sameAs":["https:\/\/www.facebook.com\/bolrecsrl\/","https:\/\/x.com\/bolrec_srl","https:\/\/www.youtube.com\/channel\/UCmXqPTIdqk6rZXY_dvov5yg\/featured"]}]}},"_links":{"self":[{"href":"https:\/\/bolrec.com\/es_py\/wp-json\/wp\/v2\/pages\/43","targetHints":{"allow":["GET"]}}],"collection":[{"href":"https:\/\/bolrec.com\/es_py\/wp-json\/wp\/v2\/pages"}],"about":[{"href":"https:\/\/bolrec.com\/es_py\/wp-json\/wp\/v2\/types\/page"}],"author":[{"embeddable":true,"href":"https:\/\/bolrec.com\/es_py\/wp-json\/wp\/v2\/users\/2"}],"replies":[{"embeddable":true,"href":"https:\/\/bolrec.com\/es_py\/wp-json\/wp\/v2\/comments?post=43"}],"version-history":[{"count":32,"href":"https:\/\/bolrec.com\/es_py\/wp-json\/wp\/v2\/pages\/43\/revisions"}],"predecessor-version":[{"id":1259,"href":"https:\/\/bolrec.com\/es_py\/wp-json\/wp\/v2\/pages\/43\/revisions\/1259"}],"wp:attachment":[{"href":"https:\/\/bolrec.com\/es_py\/wp-json\/wp\/v2\/media?parent=43"}],"curies":[{"name":"wp","href":"https:\/\/api.w.org\/{rel}","templated":true}]}}