{"id":543,"date":"2024-01-19T23:05:22","date_gmt":"2024-01-19T23:05:22","guid":{"rendered":"https:\/\/bolrec.com\/?page_id=543"},"modified":"2025-05-22T09:40:11","modified_gmt":"2025-05-22T13:40:11","slug":"nuestra-historia","status":"publish","type":"page","link":"https:\/\/bolrec.com\/es_py\/nuestra-historia\/","title":{"rendered":"Nuestra historia"},"content":{"rendered":"<div data-elementor-type=\"wp-page\" data-elementor-id=\"543\" class=\"elementor elementor-543\" data-elementor-post-type=\"page\">\n\t\t\t\t<div class=\"elementor-element elementor-element-f0bb00b e-con-full e-flex e-con e-parent\" data-id=\"f0bb00b\" data-element_type=\"container\" data-e-type=\"container\">\n\t\t\t\t<div class=\"elementor-element elementor-element-35aa38a elementor-widget elementor-widget-template\" data-id=\"35aa38a\" data-element_type=\"widget\" data-e-type=\"widget\" data-widget_type=\"template.default\">\n\t\t\t\t<div class=\"elementor-widget-container\">\n\t\t\t\t\t\t\t<div class=\"elementor-template\">\n\t\t\t\t\t<div data-elementor-type=\"section\" data-elementor-id=\"781\" class=\"elementor elementor-781\" data-elementor-post-type=\"elementor_library\">\n\t\t\t<div class=\"elementor-element elementor-element-a57e389 e-flex e-con-boxed e-con e-parent\" data-id=\"a57e389\" data-element_type=\"container\" data-e-type=\"container\" data-settings=\"{&quot;background_background&quot;:&quot;classic&quot;}\">\n\t\t\t\t\t<div class=\"e-con-inner\">\n\t\t\t\t<div class=\"elementor-element elementor-element-e58f2b5 elementor-widget elementor-widget-spacer\" data-id=\"e58f2b5\" data-element_type=\"widget\" data-e-type=\"widget\" data-widget_type=\"spacer.default\">\n\t\t\t\t<div class=\"elementor-widget-container\">\n\t\t\t\t\t\t\t<div class=\"elementor-spacer\">\n\t\t\t<div class=\"elementor-spacer-inner\"><\/div>\n\t\t<\/div>\n\t\t\t\t\t\t<\/div>\n\t\t\t\t<\/div>\n\t\t<div class=\"elementor-element elementor-element-09b3b6c e-flex e-con-boxed e-con e-child\" data-id=\"09b3b6c\" data-element_type=\"container\" data-e-type=\"container\">\n\t\t\t\t\t<div class=\"e-con-inner\">\n\t\t\t\t\t<\/div>\n\t\t\t\t<\/div>\n\t\t\t\t<div class=\"elementor-element elementor-element-8304cc6 elementor-widget elementor-widget-spacer\" data-id=\"8304cc6\" data-element_type=\"widget\" data-e-type=\"widget\" data-widget_type=\"spacer.default\">\n\t\t\t\t<div class=\"elementor-widget-container\">\n\t\t\t\t\t\t\t<div class=\"elementor-spacer\">\n\t\t\t<div class=\"elementor-spacer-inner\"><\/div>\n\t\t<\/div>\n\t\t\t\t\t\t<\/div>\n\t\t\t\t<\/div>\n\t\t\t\t\t<\/div>\n\t\t\t\t<\/div>\n\t\t\t\t<\/div>\n\t\t\t\t<\/div>\n\t\t\t\t\t\t<\/div>\n\t\t\t\t<\/div>\n\t\t\t\t<\/div>\n\t\t<div class=\"elementor-element elementor-element-9ed6194 e-flex e-con-boxed e-con e-parent\" data-id=\"9ed6194\" data-element_type=\"container\" data-e-type=\"container\">\n\t\t\t\t\t<div class=\"e-con-inner\">\n\t\t\t\t<div class=\"elementor-element elementor-element-41c67b6 elementor-widget elementor-widget-spacer\" data-id=\"41c67b6\" data-element_type=\"widget\" data-e-type=\"widget\" data-widget_type=\"spacer.default\">\n\t\t\t\t<div class=\"elementor-widget-container\">\n\t\t\t\t\t\t\t<div class=\"elementor-spacer\">\n\t\t\t<div class=\"elementor-spacer-inner\"><\/div>\n\t\t<\/div>\n\t\t\t\t\t\t<\/div>\n\t\t\t\t<\/div>\n\t\t\t\t<div class=\"elementor-element elementor-element-160e22d elementor-widget elementor-widget-text-editor\" data-id=\"160e22d\" data-element_type=\"widget\" data-e-type=\"widget\" data-widget_type=\"text-editor.default\">\n\t\t\t\t<div class=\"elementor-widget-container\">\n\t\t\t\t\t\t\t\t\t<p class=\"western\" lang=\"es-ES\" align=\"justify\">La Empresa Boliviana de Reciclaje Electr\u00f3nico\u00a0<b>\u201cBOLREC<\/b><b>\u00a0<\/b><b>S.R.L<\/b>.\u201d nace en el 2014 como proyecto de Responsabilidad Social de COACOM S.R.L. hacia el Medio Ambiente y la sociedad.<\/p><p class=\"western\" lang=\"es-ES\" align=\"justify\">Nuestra empresa conforme la legislaci\u00f3n actual vigente y seg\u00fan las normas de medio ambiente, brinda el servicio del manejo adecuado de desechos electr\u00f3nicos hasta su disposici\u00f3n final, contribuyendo, de esta manera, a preservar el medio ambiente evitando que estos desechos puedan llegar a los vertederos p\u00fablicos municipales contaminando as\u00ed las aguas subterr\u00e1neas.<\/p><p class=\"western\" lang=\"es-ES\" align=\"justify\">El 2019 nuestra empresa marco un hito en el manejo de RAEE en Santa Cruz siendo la primer planta construida con materiales reciclados y hecha exclusivamente para el manejo de RAEE, adem\u00e1s de en este mismo a\u00f1o la empresa se convirtio en la 1era Empresa en Santa Cruz, dedicada al Reciclaje de RAEE que cuenta con, Licencia Ambiental (LA) para la Gesti\u00f3n Integral de Residuos Electr\u00f3nicos y El\u00e9ctricos, Licencia para Actividades con Sustancias Peligrosas (LASP) y Registro Ambiental Industrial (RAI) para Residuos Met\u00e1licos y No Met\u00e1licos, cumpliendo con la Ley 1333 (Ley del Medio Ambiente), adem\u00e1s de contar con Registro de Operador para la Gesti\u00f3n de Residuos Especiales y Peligrosos, de acuerdo a lo estipulado en la Ley 755 (Ley de Gesti\u00f3n Integral de Residuos).<\/p><p class=\"western\" lang=\"es-ES\" align=\"justify\">Desde nuestros inicios BOLREC S.R.L. se estableci\u00f3 como empresa l\u00edder en el mercado, lo que llevo a firmar convenios con Swisscontact y la fundaci\u00f3n VIVA, dos instituciones que nos apoyaron con la adquisici\u00f3n de herramientas\u00a0 y el apoyo mediante consultor\u00edas para la mejora de nuestros procesos.<\/p><p class=\"western\" lang=\"es-ES\" align=\"justify\">Como empresa hemos participado y apoyado campa\u00f1as municipales en el departamento de Santa Cruz, en el municipio de Yapacani, Montero, La Guardia y Warnes.<\/p><p class=\"western\" lang=\"es-ES\" align=\"justify\">Nuestra empresa est\u00e1 vinculada a varias Plantas de Disposici\u00f3n Final en Estados Unidos y Asia, por lo que estamos en condiciones de garantizar y certificar el correcto manejo de los residuos.<\/p><p class=\"western\" lang=\"es-ES\" align=\"justify\"><span style=\"text-align: var(--text-align); font-size: 1rem;\">Fuimos pioneros en exportaci\u00f3n de RAEE, en el a\u00f1o 2016, siendo la primera empresa en Bolivia en exportar de manera formal RAEE.<\/span><\/p><p class=\"western\" lang=\"es-ES\" align=\"justify\">Desde el a\u00f1o 2022 adecuamos nuestros documentos ambientales para poder ampliar nuestro servicio al procesamiento de Residuos de Veh\u00edculos, servicio que estamos realizando de manera formal para satisfacer otra necesidad del mercado.<\/p>\t\t\t\t\t\t\t\t<\/div>\n\t\t\t\t<\/div>\n\t\t\t\t<div class=\"elementor-element elementor-element-de1e9d5 elementor-widget elementor-widget-spacer\" data-id=\"de1e9d5\" data-element_type=\"widget\" data-e-type=\"widget\" data-widget_type=\"spacer.default\">\n\t\t\t\t<div class=\"elementor-widget-container\">\n\t\t\t\t\t\t\t<div class=\"elementor-spacer\">\n\t\t\t<div class=\"elementor-spacer-inner\"><\/div>\n\t\t<\/div>\n\t\t\t\t\t\t<\/div>\n\t\t\t\t<\/div>\n\t\t\t\t\t<\/div>\n\t\t\t\t<\/div>\n\t\t\t\t<\/div>","protected":false},"excerpt":{"rendered":"<p>La Empresa Boliviana de Reciclaje Electr\u00f3nico\u00a0\u201cBOLREC\u00a0S.R.L.\u201d nace en el 2014 como proyecto de Responsabilidad Social de COACOM S.R.L. hacia el Medio Ambiente y la sociedad. Nuestra empresa conforme la legislaci\u00f3n actual vigente y seg\u00fan las normas de medio ambiente, brinda el servicio del manejo adecuado de desechos electr\u00f3nicos hasta su disposici\u00f3n final, contribuyendo, de esta [&hellip;]<\/p>\n","protected":false},"author":2,"featured_media":0,"parent":0,"menu_order":0,"comment_status":"closed","ping_status":"closed","template":"","meta":{"footnotes":""},"class_list":["post-543","page","type-page","status-publish","hentry"],"yoast_head":"<!-- This site is optimized with the Yoast SEO plugin v27.4 - https:\/\/yoast.com\/product\/yoast-seo-wordpress\/ -->\n<title>Nuestra historia - BOLREC<\/title>\n<meta name=\"robots\" content=\"index, follow, max-snippet:-1, max-image-preview:large, max-video-preview:-1\" \/>\n<link rel=\"canonical\" href=\"https:\/\/bolrec.com\/es_py\/nuestra-historia\/\" \/>\n<meta property=\"og:locale\" content=\"es_ES\" \/>\n<meta property=\"og:type\" content=\"article\" \/>\n<meta property=\"og:title\" content=\"Nuestra historia - BOLREC\" \/>\n<meta property=\"og:description\" content=\"La Empresa Boliviana de Reciclaje Electr\u00f3nico\u00a0\u201cBOLREC\u00a0S.R.L.\u201d nace en el 2014 como proyecto de Responsabilidad Social de COACOM S.R.L. hacia el Medio Ambiente y la sociedad. Nuestra empresa conforme la legislaci\u00f3n actual vigente y seg\u00fan las normas de medio ambiente, brinda el servicio del manejo adecuado de desechos electr\u00f3nicos hasta su disposici\u00f3n final, contribuyendo, de esta [&hellip;]\" \/>\n<meta property=\"og:url\" content=\"https:\/\/bolrec.com\/es_py\/nuestra-historia\/\" \/>\n<meta property=\"og:site_name\" content=\"BOLREC\" \/>\n<meta property=\"article:publisher\" content=\"https:\/\/www.facebook.com\/bolrecsrl\/\" \/>\n<meta property=\"article:modified_time\" content=\"2025-05-22T13:40:11+00:00\" \/>\n<meta name=\"twitter:card\" content=\"summary_large_image\" \/>\n<meta name=\"twitter:site\" content=\"@bolrec_srl\" \/>\n<script type=\"application\/ld+json\" class=\"yoast-schema-graph\">{\"@context\":\"https:\\\/\\\/schema.org\",\"@graph\":[{\"@type\":\"WebPage\",\"@id\":\"https:\\\/\\\/bolrec.com\\\/nuestra-historia\\\/\",\"url\":\"https:\\\/\\\/bolrec.com\\\/nuestra-historia\\\/\",\"name\":\"Nuestra historia - BOLREC\",\"isPartOf\":{\"@id\":\"https:\\\/\\\/bolrec.com\\\/#website\"},\"datePublished\":\"2024-01-19T23:05:22+00:00\",\"dateModified\":\"2025-05-22T13:40:11+00:00\",\"breadcrumb\":{\"@id\":\"https:\\\/\\\/bolrec.com\\\/nuestra-historia\\\/#breadcrumb\"},\"inLanguage\":\"es-PY\",\"potentialAction\":[{\"@type\":\"ReadAction\",\"target\":[\"https:\\\/\\\/bolrec.com\\\/nuestra-historia\\\/\"]}]},{\"@type\":\"BreadcrumbList\",\"@id\":\"https:\\\/\\\/bolrec.com\\\/nuestra-historia\\\/#breadcrumb\",\"itemListElement\":[{\"@type\":\"ListItem\",\"position\":1,\"name\":\"Portada\",\"item\":\"https:\\\/\\\/bolrec.com\\\/\"},{\"@type\":\"ListItem\",\"position\":2,\"name\":\"Nuestra historia\"}]},{\"@type\":\"WebSite\",\"@id\":\"https:\\\/\\\/bolrec.com\\\/#website\",\"url\":\"https:\\\/\\\/bolrec.com\\\/\",\"name\":\"BOLREC\",\"description\":\"Empresa Boliviana de Reciclaje Electr\u00f3nico\",\"publisher\":{\"@id\":\"https:\\\/\\\/bolrec.com\\\/#organization\"},\"potentialAction\":[{\"@type\":\"SearchAction\",\"target\":{\"@type\":\"EntryPoint\",\"urlTemplate\":\"https:\\\/\\\/bolrec.com\\\/?s={search_term_string}\"},\"query-input\":{\"@type\":\"PropertyValueSpecification\",\"valueRequired\":true,\"valueName\":\"search_term_string\"}}],\"inLanguage\":\"es-PY\"},{\"@type\":\"Organization\",\"@id\":\"https:\\\/\\\/bolrec.com\\\/#organization\",\"name\":\"BOLREC\",\"url\":\"https:\\\/\\\/bolrec.com\\\/\",\"logo\":{\"@type\":\"ImageObject\",\"inLanguage\":\"es-PY\",\"@id\":\"https:\\\/\\\/bolrec.com\\\/#\\\/schema\\\/logo\\\/image\\\/\",\"url\":\"https:\\\/\\\/bolrec.com\\\/wp-content\\\/uploads\\\/2024\\\/01\\\/logo-bolrec.svg\",\"contentUrl\":\"https:\\\/\\\/bolrec.com\\\/wp-content\\\/uploads\\\/2024\\\/01\\\/logo-bolrec.svg\",\"width\":540,\"height\":123,\"caption\":\"BOLREC\"},\"image\":{\"@id\":\"https:\\\/\\\/bolrec.com\\\/#\\\/schema\\\/logo\\\/image\\\/\"},\"sameAs\":[\"https:\\\/\\\/www.facebook.com\\\/bolrecsrl\\\/\",\"https:\\\/\\\/x.com\\\/bolrec_srl\",\"https:\\\/\\\/www.youtube.com\\\/channel\\\/UCmXqPTIdqk6rZXY_dvov5yg\\\/featured\"]}]}<\/script>\n<!-- \/ Yoast SEO plugin. -->","yoast_head_json":{"title":"Nuestra historia - BOLREC","robots":{"index":"index","follow":"follow","max-snippet":"max-snippet:-1","max-image-preview":"max-image-preview:large","max-video-preview":"max-video-preview:-1"},"canonical":"https:\/\/bolrec.com\/es_py\/nuestra-historia\/","og_locale":"es_ES","og_type":"article","og_title":"Nuestra historia - BOLREC","og_description":"La Empresa Boliviana de Reciclaje Electr\u00f3nico\u00a0\u201cBOLREC\u00a0S.R.L.\u201d nace en el 2014 como proyecto de Responsabilidad Social de COACOM S.R.L. hacia el Medio Ambiente y la sociedad. Nuestra empresa conforme la legislaci\u00f3n actual vigente y seg\u00fan las normas de medio ambiente, brinda el servicio del manejo adecuado de desechos electr\u00f3nicos hasta su disposici\u00f3n final, contribuyendo, de esta [&hellip;]","og_url":"https:\/\/bolrec.com\/es_py\/nuestra-historia\/","og_site_name":"BOLREC","article_publisher":"https:\/\/www.facebook.com\/bolrecsrl\/","article_modified_time":"2025-05-22T13:40:11+00:00","twitter_card":"summary_large_image","twitter_site":"@bolrec_srl","schema":{"@context":"https:\/\/schema.org","@graph":[{"@type":"WebPage","@id":"https:\/\/bolrec.com\/nuestra-historia\/","url":"https:\/\/bolrec.com\/nuestra-historia\/","name":"Nuestra historia - BOLREC","isPartOf":{"@id":"https:\/\/bolrec.com\/#website"},"datePublished":"2024-01-19T23:05:22+00:00","dateModified":"2025-05-22T13:40:11+00:00","breadcrumb":{"@id":"https:\/\/bolrec.com\/nuestra-historia\/#breadcrumb"},"inLanguage":"es-PY","potentialAction":[{"@type":"ReadAction","target":["https:\/\/bolrec.com\/nuestra-historia\/"]}]},{"@type":"BreadcrumbList","@id":"https:\/\/bolrec.com\/nuestra-historia\/#breadcrumb","itemListElement":[{"@type":"ListItem","position":1,"name":"Portada","item":"https:\/\/bolrec.com\/"},{"@type":"ListItem","position":2,"name":"Nuestra historia"}]},{"@type":"WebSite","@id":"https:\/\/bolrec.com\/#website","url":"https:\/\/bolrec.com\/","name":"BOLREC","description":"Empresa Boliviana de Reciclaje Electr\u00f3nico","publisher":{"@id":"https:\/\/bolrec.com\/#organization"},"potentialAction":[{"@type":"SearchAction","target":{"@type":"EntryPoint","urlTemplate":"https:\/\/bolrec.com\/?s={search_term_string}"},"query-input":{"@type":"PropertyValueSpecification","valueRequired":true,"valueName":"search_term_string"}}],"inLanguage":"es-PY"},{"@type":"Organization","@id":"https:\/\/bolrec.com\/#organization","name":"BOLREC","url":"https:\/\/bolrec.com\/","logo":{"@type":"ImageObject","inLanguage":"es-PY","@id":"https:\/\/bolrec.com\/#\/schema\/logo\/image\/","url":"https:\/\/bolrec.com\/wp-content\/uploads\/2024\/01\/logo-bolrec.svg","contentUrl":"https:\/\/bolrec.com\/wp-content\/uploads\/2024\/01\/logo-bolrec.svg","width":540,"height":123,"caption":"BOLREC"},"image":{"@id":"https:\/\/bolrec.com\/#\/schema\/logo\/image\/"},"sameAs":["https:\/\/www.facebook.com\/bolrecsrl\/","https:\/\/x.com\/bolrec_srl","https:\/\/www.youtube.com\/channel\/UCmXqPTIdqk6rZXY_dvov5yg\/featured"]}]}},"_links":{"self":[{"href":"https:\/\/bolrec.com\/es_py\/wp-json\/wp\/v2\/pages\/543","targetHints":{"allow":["GET"]}}],"collection":[{"href":"https:\/\/bolrec.com\/es_py\/wp-json\/wp\/v2\/pages"}],"about":[{"href":"https:\/\/bolrec.com\/es_py\/wp-json\/wp\/v2\/types\/page"}],"author":[{"embeddable":true,"href":"https:\/\/bolrec.com\/es_py\/wp-json\/wp\/v2\/users\/2"}],"replies":[{"embeddable":true,"href":"https:\/\/bolrec.com\/es_py\/wp-json\/wp\/v2\/comments?post=543"}],"version-history":[{"count":22,"href":"https:\/\/bolrec.com\/es_py\/wp-json\/wp\/v2\/pages\/543\/revisions"}],"predecessor-version":[{"id":1329,"href":"https:\/\/bolrec.com\/es_py\/wp-json\/wp\/v2\/pages\/543\/revisions\/1329"}],"wp:attachment":[{"href":"https:\/\/bolrec.com\/es_py\/wp-json\/wp\/v2\/media?parent=543"}],"curies":[{"name":"wp","href":"https:\/\/api.w.org\/{rel}","templated":true}]}}