{"id":980,"date":"2024-01-28T11:48:41","date_gmt":"2024-01-28T15:48:41","guid":{"rendered":"https:\/\/bolrec.com\/?page_id=980"},"modified":"2024-02-26T15:26:45","modified_gmt":"2024-02-26T19:26:45","slug":"galeria","status":"publish","type":"page","link":"https:\/\/bolrec.com\/es_py\/galeria\/","title":{"rendered":"Galer\u00eda"},"content":{"rendered":"<div data-elementor-type=\"wp-page\" data-elementor-id=\"980\" class=\"elementor elementor-980\" data-elementor-post-type=\"page\">\n\t\t\t\t<div class=\"elementor-element elementor-element-38026ad e-con-full e-flex e-con e-parent\" data-id=\"38026ad\" data-element_type=\"container\" data-e-type=\"container\">\n\t\t\t\t<div class=\"elementor-element elementor-element-9779b2a elementor-widget elementor-widget-template\" data-id=\"9779b2a\" data-element_type=\"widget\" data-e-type=\"widget\" data-widget_type=\"template.default\">\n\t\t\t\t<div class=\"elementor-widget-container\">\n\t\t\t\t\t\t\t<div class=\"elementor-template\">\n\t\t\t\t\t<div data-elementor-type=\"section\" data-elementor-id=\"781\" class=\"elementor elementor-781\" data-elementor-post-type=\"elementor_library\">\n\t\t\t<div class=\"elementor-element elementor-element-a57e389 e-flex e-con-boxed e-con e-parent\" data-id=\"a57e389\" data-element_type=\"container\" data-e-type=\"container\" data-settings=\"{&quot;background_background&quot;:&quot;classic&quot;}\">\n\t\t\t\t\t<div class=\"e-con-inner\">\n\t\t\t\t<div class=\"elementor-element elementor-element-e58f2b5 elementor-widget elementor-widget-spacer\" data-id=\"e58f2b5\" data-element_type=\"widget\" data-e-type=\"widget\" data-widget_type=\"spacer.default\">\n\t\t\t\t<div class=\"elementor-widget-container\">\n\t\t\t\t\t\t\t<div class=\"elementor-spacer\">\n\t\t\t<div class=\"elementor-spacer-inner\"><\/div>\n\t\t<\/div>\n\t\t\t\t\t\t<\/div>\n\t\t\t\t<\/div>\n\t\t<div class=\"elementor-element elementor-element-09b3b6c e-flex e-con-boxed e-con e-child\" data-id=\"09b3b6c\" data-element_type=\"container\" data-e-type=\"container\">\n\t\t\t\t\t<div class=\"e-con-inner\">\n\t\t\t\t\t<\/div>\n\t\t\t\t<\/div>\n\t\t\t\t<div class=\"elementor-element elementor-element-8304cc6 elementor-widget elementor-widget-spacer\" data-id=\"8304cc6\" data-element_type=\"widget\" data-e-type=\"widget\" data-widget_type=\"spacer.default\">\n\t\t\t\t<div class=\"elementor-widget-container\">\n\t\t\t\t\t\t\t<div class=\"elementor-spacer\">\n\t\t\t<div class=\"elementor-spacer-inner\"><\/div>\n\t\t<\/div>\n\t\t\t\t\t\t<\/div>\n\t\t\t\t<\/div>\n\t\t\t\t\t<\/div>\n\t\t\t\t<\/div>\n\t\t\t\t<\/div>\n\t\t\t\t<\/div>\n\t\t\t\t\t\t<\/div>\n\t\t\t\t<\/div>\n\t\t\t\t<\/div>\n\t\t<div class=\"elementor-element elementor-element-efafcce e-flex e-con-boxed e-con e-parent\" data-id=\"efafcce\" data-element_type=\"container\" data-e-type=\"container\">\n\t\t\t\t\t<div class=\"e-con-inner\">\n\t\t<div class=\"elementor-element elementor-element-9c88835 e-flex e-con-boxed e-con e-child\" data-id=\"9c88835\" data-element_type=\"container\" data-e-type=\"container\">\n\t\t\t\t\t<div class=\"e-con-inner\">\n\t\t\t\t<div class=\"elementor-element elementor-element-40e94b1 elementor-widget elementor-widget-spacer\" data-id=\"40e94b1\" data-element_type=\"widget\" data-e-type=\"widget\" data-widget_type=\"spacer.default\">\n\t\t\t\t<div class=\"elementor-widget-container\">\n\t\t\t\t\t\t\t<div class=\"elementor-spacer\">\n\t\t\t<div class=\"elementor-spacer-inner\"><\/div>\n\t\t<\/div>\n\t\t\t\t\t\t<\/div>\n\t\t\t\t<\/div>\n\t\t\t\t<div class=\"elementor-element elementor-element-7721251 elementor-widget-divider--view-line elementor-widget elementor-widget-divider\" data-id=\"7721251\" data-element_type=\"widget\" data-e-type=\"widget\" data-widget_type=\"divider.default\">\n\t\t\t\t<div class=\"elementor-widget-container\">\n\t\t\t\t\t\t\t<div class=\"elementor-divider\">\n\t\t\t<span class=\"elementor-divider-separator\">\n\t\t\t\t\t\t<\/span>\n\t\t<\/div>\n\t\t\t\t\t\t<\/div>\n\t\t\t\t<\/div>\n\t\t\t\t<div class=\"elementor-element elementor-element-cd6adc9 elementor-widget elementor-widget-heading\" data-id=\"cd6adc9\" data-element_type=\"widget\" data-e-type=\"widget\" data-widget_type=\"heading.default\">\n\t\t\t\t<div class=\"elementor-widget-container\">\n\t\t\t\t\t<h2 class=\"elementor-heading-title elementor-size-default\">Fotos<\/h2>\t\t\t\t<\/div>\n\t\t\t\t<\/div>\n\t\t\t\t<div class=\"elementor-element elementor-element-de0e1b8 elementor-widget elementor-widget-gallery\" data-id=\"de0e1b8\" data-element_type=\"widget\" data-e-type=\"widget\" data-settings=\"{&quot;content_sequenced_animation&quot;:&quot;yes&quot;,&quot;lazyload&quot;:&quot;yes&quot;,&quot;gallery_layout&quot;:&quot;grid&quot;,&quot;columns&quot;:4,&quot;columns_tablet&quot;:2,&quot;columns_mobile&quot;:1,&quot;gap&quot;:{&quot;unit&quot;:&quot;px&quot;,&quot;size&quot;:10,&quot;sizes&quot;:[]},&quot;gap_tablet&quot;:{&quot;unit&quot;:&quot;px&quot;,&quot;size&quot;:10,&quot;sizes&quot;:[]},&quot;gap_mobile&quot;:{&quot;unit&quot;:&quot;px&quot;,&quot;size&quot;:10,&quot;sizes&quot;:[]},&quot;link_to&quot;:&quot;file&quot;,&quot;aspect_ratio&quot;:&quot;3:2&quot;,&quot;overlay_background&quot;:&quot;yes&quot;,&quot;content_hover_animation&quot;:&quot;fade-in&quot;}\" data-widget_type=\"gallery.default\">\n\t\t\t\t<div class=\"elementor-widget-container\">\n\t\t\t\t\t\t\t<div class=\"elementor-gallery__container\">\n\t\t\t\t\t\t\t<a class=\"e-gallery-item elementor-gallery-item elementor-animated-content\" href=\"https:\/\/bolrec.com\/wp-content\/uploads\/2024\/02\/galeria-paraguay-1.jpg\" data-elementor-open-lightbox=\"yes\" data-elementor-lightbox-slideshow=\"de0e1b8\" data-elementor-lightbox-title=\"galeria-paraguay-1\" data-e-action-hash=\"#elementor-action%3Aaction%3Dlightbox%26settings%3DeyJpZCI6MTEzOCwidXJsIjoiaHR0cHM6XC9cL2JvbHJlYy5jb21cL3dwLWNvbnRlbnRcL3VwbG9hZHNcLzIwMjRcLzAyXC9nYWxlcmlhLXBhcmFndWF5LTEuanBnIiwic2xpZGVzaG93IjoiZGUwZTFiOCJ9\">\n\t\t\t\t\t<div class=\"e-gallery-image elementor-gallery-item__image\" data-thumbnail=\"https:\/\/bolrec.com\/wp-content\/uploads\/2024\/02\/galeria-paraguay-1-225x300.jpg\" data-width=\"225\" data-height=\"300\" aria-label=\"\" role=\"img\" ><\/div>\n\t\t\t\t\t\t\t\t\t\t\t<div class=\"elementor-gallery-item__overlay\"><\/div>\n\t\t\t\t\t\t\t\t\t\t\t\t\t\t<\/a>\n\t\t\t\t\t<\/div>\n\t\t\t\t\t<\/div>\n\t\t\t\t<\/div>\n\t\t\t\t<div class=\"elementor-element elementor-element-5ccc7ec elementor-widget elementor-widget-spacer\" data-id=\"5ccc7ec\" data-element_type=\"widget\" data-e-type=\"widget\" data-widget_type=\"spacer.default\">\n\t\t\t\t<div class=\"elementor-widget-container\">\n\t\t\t\t\t\t\t<div class=\"elementor-spacer\">\n\t\t\t<div class=\"elementor-spacer-inner\"><\/div>\n\t\t<\/div>\n\t\t\t\t\t\t<\/div>\n\t\t\t\t<\/div>\n\t\t\t\t\t<\/div>\n\t\t\t\t<\/div>\n\t\t\t\t\t<\/div>\n\t\t\t\t<\/div>\n\t\t\t\t<\/div>","protected":false},"excerpt":{"rendered":"<p>Fotos Fotos Videos Bolrec 7 Videos Fundaci\u00f3n VIVA 1:36 Publicidad PILAT 1:48 Desensamblaje de un cartucho de toner usado 1:53 destrcci\u00f3n m\u00e1quina de juego 0:26 Destrucci\u00f3n de televisor 0:11 Destrucci\u00f3n de heladeras 0:38 Destrucci\u00f3n de veh\u00edculo 0:13<\/p>","protected":false},"author":1,"featured_media":0,"parent":0,"menu_order":0,"comment_status":"closed","ping_status":"closed","template":"","meta":{"footnotes":""},"class_list":["post-980","page","type-page","status-publish","hentry"],"yoast_head":"<!-- This site is optimized with the Yoast SEO plugin v27.4 - https:\/\/yoast.com\/product\/yoast-seo-wordpress\/ -->\n<title>Galer\u00eda - BOLREC<\/title>\n<meta name=\"robots\" content=\"index, follow, max-snippet:-1, max-image-preview:large, max-video-preview:-1\" \/>\n<link rel=\"canonical\" href=\"https:\/\/bolrec.com\/es_py\/galeria\/\" \/>\n<meta property=\"og:locale\" content=\"es_ES\" \/>\n<meta property=\"og:type\" content=\"article\" \/>\n<meta property=\"og:title\" content=\"Galer\u00eda - BOLREC\" \/>\n<meta property=\"og:description\" content=\"Fotos Fotos Videos Bolrec 7 Videos Fundaci\u00f3n VIVA 1:36 Publicidad PILAT 1:48 Desensamblaje de un cartucho de toner usado 1:53 destrcci\u00f3n m\u00e1quina de juego 0:26 Destrucci\u00f3n de televisor 0:11 Destrucci\u00f3n de heladeras 0:38 Destrucci\u00f3n de veh\u00edculo 0:13\" \/>\n<meta property=\"og:url\" content=\"https:\/\/bolrec.com\/es_py\/galeria\/\" \/>\n<meta property=\"og:site_name\" content=\"BOLREC\" \/>\n<meta property=\"article:publisher\" content=\"https:\/\/www.facebook.com\/bolrecsrl\/\" \/>\n<meta property=\"article:modified_time\" content=\"2024-02-26T19:26:45+00:00\" \/>\n<meta property=\"og:image\" content=\"https:\/\/img.youtube.com\/vi\/za_YzC5IhJ4\/maxresdefault.jpg\" \/>\n<meta name=\"twitter:card\" content=\"summary_large_image\" \/>\n<meta name=\"twitter:site\" content=\"@bolrec_srl\" \/>\n<meta name=\"twitter:label1\" content=\"Est. reading time\" \/>\n\t<meta name=\"twitter:data1\" content=\"2 minutes\" \/>\n<script type=\"application\/ld+json\" class=\"yoast-schema-graph\">{\"@context\":\"https:\\\/\\\/schema.org\",\"@graph\":[{\"@type\":\"WebPage\",\"@id\":\"https:\\\/\\\/bolrec.com\\\/galeria\\\/\",\"url\":\"https:\\\/\\\/bolrec.com\\\/galeria\\\/\",\"name\":\"Galer\u00eda - BOLREC\",\"isPartOf\":{\"@id\":\"https:\\\/\\\/bolrec.com\\\/#website\"},\"primaryImageOfPage\":{\"@id\":\"https:\\\/\\\/bolrec.com\\\/galeria\\\/#primaryimage\"},\"image\":{\"@id\":\"https:\\\/\\\/bolrec.com\\\/galeria\\\/#primaryimage\"},\"thumbnailUrl\":\"https:\\\/\\\/img.youtube.com\\\/vi\\\/za_YzC5IhJ4\\\/maxresdefault.jpg\",\"datePublished\":\"2024-01-28T15:48:41+00:00\",\"dateModified\":\"2024-02-26T19:26:45+00:00\",\"breadcrumb\":{\"@id\":\"https:\\\/\\\/bolrec.com\\\/galeria\\\/#breadcrumb\"},\"inLanguage\":\"es-PY\",\"potentialAction\":[{\"@type\":\"ReadAction\",\"target\":[\"https:\\\/\\\/bolrec.com\\\/galeria\\\/\"]}]},{\"@type\":\"ImageObject\",\"inLanguage\":\"es-PY\",\"@id\":\"https:\\\/\\\/bolrec.com\\\/galeria\\\/#primaryimage\",\"url\":\"https:\\\/\\\/img.youtube.com\\\/vi\\\/za_YzC5IhJ4\\\/maxresdefault.jpg\",\"contentUrl\":\"https:\\\/\\\/img.youtube.com\\\/vi\\\/za_YzC5IhJ4\\\/maxresdefault.jpg\"},{\"@type\":\"BreadcrumbList\",\"@id\":\"https:\\\/\\\/bolrec.com\\\/galeria\\\/#breadcrumb\",\"itemListElement\":[{\"@type\":\"ListItem\",\"position\":1,\"name\":\"Portada\",\"item\":\"https:\\\/\\\/bolrec.com\\\/\"},{\"@type\":\"ListItem\",\"position\":2,\"name\":\"Galer\u00eda\"}]},{\"@type\":\"WebSite\",\"@id\":\"https:\\\/\\\/bolrec.com\\\/#website\",\"url\":\"https:\\\/\\\/bolrec.com\\\/\",\"name\":\"BOLREC\",\"description\":\"Empresa Boliviana de Reciclaje Electr\u00f3nico\",\"publisher\":{\"@id\":\"https:\\\/\\\/bolrec.com\\\/#organization\"},\"potentialAction\":[{\"@type\":\"SearchAction\",\"target\":{\"@type\":\"EntryPoint\",\"urlTemplate\":\"https:\\\/\\\/bolrec.com\\\/?s={search_term_string}\"},\"query-input\":{\"@type\":\"PropertyValueSpecification\",\"valueRequired\":true,\"valueName\":\"search_term_string\"}}],\"inLanguage\":\"es-PY\"},{\"@type\":\"Organization\",\"@id\":\"https:\\\/\\\/bolrec.com\\\/#organization\",\"name\":\"BOLREC\",\"url\":\"https:\\\/\\\/bolrec.com\\\/\",\"logo\":{\"@type\":\"ImageObject\",\"inLanguage\":\"es-PY\",\"@id\":\"https:\\\/\\\/bolrec.com\\\/#\\\/schema\\\/logo\\\/image\\\/\",\"url\":\"https:\\\/\\\/bolrec.com\\\/wp-content\\\/uploads\\\/2024\\\/01\\\/logo-bolrec.svg\",\"contentUrl\":\"https:\\\/\\\/bolrec.com\\\/wp-content\\\/uploads\\\/2024\\\/01\\\/logo-bolrec.svg\",\"width\":540,\"height\":123,\"caption\":\"BOLREC\"},\"image\":{\"@id\":\"https:\\\/\\\/bolrec.com\\\/#\\\/schema\\\/logo\\\/image\\\/\"},\"sameAs\":[\"https:\\\/\\\/www.facebook.com\\\/bolrecsrl\\\/\",\"https:\\\/\\\/x.com\\\/bolrec_srl\",\"https:\\\/\\\/www.youtube.com\\\/channel\\\/UCmXqPTIdqk6rZXY_dvov5yg\\\/featured\"]}]}<\/script>\n<!-- \/ Yoast SEO plugin. -->","yoast_head_json":{"title":"Galer\u00eda - BOLREC","robots":{"index":"index","follow":"follow","max-snippet":"max-snippet:-1","max-image-preview":"max-image-preview:large","max-video-preview":"max-video-preview:-1"},"canonical":"https:\/\/bolrec.com\/es_py\/galeria\/","og_locale":"es_ES","og_type":"article","og_title":"Galer\u00eda - BOLREC","og_description":"Fotos Fotos Videos Bolrec 7 Videos Fundaci\u00f3n VIVA 1:36 Publicidad PILAT 1:48 Desensamblaje de un cartucho de toner usado 1:53 destrcci\u00f3n m\u00e1quina de juego 0:26 Destrucci\u00f3n de televisor 0:11 Destrucci\u00f3n de heladeras 0:38 Destrucci\u00f3n de veh\u00edculo 0:13","og_url":"https:\/\/bolrec.com\/es_py\/galeria\/","og_site_name":"BOLREC","article_publisher":"https:\/\/www.facebook.com\/bolrecsrl\/","article_modified_time":"2024-02-26T19:26:45+00:00","og_image":[{"url":"https:\/\/img.youtube.com\/vi\/za_YzC5IhJ4\/maxresdefault.jpg","type":"","width":"","height":""}],"twitter_card":"summary_large_image","twitter_site":"@bolrec_srl","twitter_misc":{"Est. reading time":"2 minutes"},"schema":{"@context":"https:\/\/schema.org","@graph":[{"@type":"WebPage","@id":"https:\/\/bolrec.com\/galeria\/","url":"https:\/\/bolrec.com\/galeria\/","name":"Galer\u00eda - BOLREC","isPartOf":{"@id":"https:\/\/bolrec.com\/#website"},"primaryImageOfPage":{"@id":"https:\/\/bolrec.com\/galeria\/#primaryimage"},"image":{"@id":"https:\/\/bolrec.com\/galeria\/#primaryimage"},"thumbnailUrl":"https:\/\/img.youtube.com\/vi\/za_YzC5IhJ4\/maxresdefault.jpg","datePublished":"2024-01-28T15:48:41+00:00","dateModified":"2024-02-26T19:26:45+00:00","breadcrumb":{"@id":"https:\/\/bolrec.com\/galeria\/#breadcrumb"},"inLanguage":"es-PY","potentialAction":[{"@type":"ReadAction","target":["https:\/\/bolrec.com\/galeria\/"]}]},{"@type":"ImageObject","inLanguage":"es-PY","@id":"https:\/\/bolrec.com\/galeria\/#primaryimage","url":"https:\/\/img.youtube.com\/vi\/za_YzC5IhJ4\/maxresdefault.jpg","contentUrl":"https:\/\/img.youtube.com\/vi\/za_YzC5IhJ4\/maxresdefault.jpg"},{"@type":"BreadcrumbList","@id":"https:\/\/bolrec.com\/galeria\/#breadcrumb","itemListElement":[{"@type":"ListItem","position":1,"name":"Portada","item":"https:\/\/bolrec.com\/"},{"@type":"ListItem","position":2,"name":"Galer\u00eda"}]},{"@type":"WebSite","@id":"https:\/\/bolrec.com\/#website","url":"https:\/\/bolrec.com\/","name":"BOLREC","description":"Empresa Boliviana de Reciclaje Electr\u00f3nico","publisher":{"@id":"https:\/\/bolrec.com\/#organization"},"potentialAction":[{"@type":"SearchAction","target":{"@type":"EntryPoint","urlTemplate":"https:\/\/bolrec.com\/?s={search_term_string}"},"query-input":{"@type":"PropertyValueSpecification","valueRequired":true,"valueName":"search_term_string"}}],"inLanguage":"es-PY"},{"@type":"Organization","@id":"https:\/\/bolrec.com\/#organization","name":"BOLREC","url":"https:\/\/bolrec.com\/","logo":{"@type":"ImageObject","inLanguage":"es-PY","@id":"https:\/\/bolrec.com\/#\/schema\/logo\/image\/","url":"https:\/\/bolrec.com\/wp-content\/uploads\/2024\/01\/logo-bolrec.svg","contentUrl":"https:\/\/bolrec.com\/wp-content\/uploads\/2024\/01\/logo-bolrec.svg","width":540,"height":123,"caption":"BOLREC"},"image":{"@id":"https:\/\/bolrec.com\/#\/schema\/logo\/image\/"},"sameAs":["https:\/\/www.facebook.com\/bolrecsrl\/","https:\/\/x.com\/bolrec_srl","https:\/\/www.youtube.com\/channel\/UCmXqPTIdqk6rZXY_dvov5yg\/featured"]}]}},"_links":{"self":[{"href":"https:\/\/bolrec.com\/es_py\/wp-json\/wp\/v2\/pages\/980","targetHints":{"allow":["GET"]}}],"collection":[{"href":"https:\/\/bolrec.com\/es_py\/wp-json\/wp\/v2\/pages"}],"about":[{"href":"https:\/\/bolrec.com\/es_py\/wp-json\/wp\/v2\/types\/page"}],"author":[{"embeddable":true,"href":"https:\/\/bolrec.com\/es_py\/wp-json\/wp\/v2\/users\/1"}],"replies":[{"embeddable":true,"href":"https:\/\/bolrec.com\/es_py\/wp-json\/wp\/v2\/comments?post=980"}],"version-history":[{"count":43,"href":"https:\/\/bolrec.com\/es_py\/wp-json\/wp\/v2\/pages\/980\/revisions"}],"predecessor-version":[{"id":1144,"href":"https:\/\/bolrec.com\/es_py\/wp-json\/wp\/v2\/pages\/980\/revisions\/1144"}],"wp:attachment":[{"href":"https:\/\/bolrec.com\/es_py\/wp-json\/wp\/v2\/media?parent=980"}],"curies":[{"name":"wp","href":"https:\/\/api.w.org\/{rel}","templated":true}]}}